{"id":30609,"date":"2026-03-23T04:11:21","date_gmt":"2026-03-23T04:11:21","guid":{"rendered":"https:\/\/gavilanchi.amarilio.net\/?post_type=product&#038;p=30609"},"modified":"2026-04-30T05:48:05","modified_gmt":"2026-04-30T05:48:05","slug":"dispositivo-bloqueo-std-izq-ajuste-later","status":"publish","type":"product","link":"https:\/\/gavilanchi.amarilio.net\/en\/product\/dispositivo-bloqueo-std-izq-ajuste-later\/","title":{"rendered":"DISPOSITIVO BLOQUEO STD IZQ AJUSTE LATER"},"content":{"rendered":"","protected":false},"excerpt":{"rendered":"<h3 class=\"\" data-start=\"116\" data-end=\"148\"><strong style=\"font-size: 16px;\">BT51.1901L<\/strong><\/h3>\n<ul data-start=\"150\" data-end=\"1046\">\n<li class=\"\" data-start=\"150\" data-end=\"284\">\n<p class=\"\" data-start=\"152\" data-end=\"284\"><strong data-start=\"152\" data-end=\"170\">Compatibilidad<\/strong>: <span class=\"relative -mx-px my-[-0.2rem] rounded px-px py-[0.2rem] transition-colors duration-100 ease-in-out\">Adecuado para las gu\u00edas TANDEM 563 y 569 de Blum.<\/span><\/p>\n<\/li>\n<li class=\"\" data-start=\"286\" data-end=\"379\">\n<p class=\"\" data-start=\"288\" data-end=\"379\"><strong data-start=\"288\" data-end=\"299\">Montaje<\/strong>: <span class=\"relative -mx-px my-[-0.2rem] rounded px-px py-[0.2rem] transition-colors duration-100 ease-in-out\">Se instala atornillado al lateral izquierdo del caj\u00f3n, facilitando la fijaci\u00f3n del caj\u00f3n a las gu\u00edas.<\/span><\/p>\n<\/li>\n<\/ul>\n<ul data-start=\"150\" data-end=\"1046\">\n<li class=\"\" data-start=\"381\" data-end=\"523\">\n<p class=\"\" data-start=\"383\" data-end=\"523\"><strong data-start=\"383\" data-end=\"403\">Ajuste de altura<\/strong>: <span class=\"relative -mx-px my-[-0.2rem] rounded px-px py-[0.2rem] transition-colors duration-100 ease-in-out\">Permite un ajuste vertical de hasta <strong data-start=\"36\" data-end=\"45\">+3 mm<\/strong> (<strong data-start=\"47\" data-end=\"55\">1\/8&#8243;<\/strong>), lo que facilita la alineaci\u00f3n precisa del frente del caj\u00f3n.<\/span><\/p>\n<\/li>\n<li class=\"\" data-start=\"525\" data-end=\"665\">\n<p class=\"\" data-start=\"527\" data-end=\"665\"><strong data-start=\"527\" data-end=\"545\">Ajuste lateral<\/strong>: <span class=\"relative -mx-px my-[-0.2rem] rounded px-px py-[0.2rem] transition-colors duration-100 ease-in-out\">Ofrece un ajuste lateral de <strong data-start=\"28\" data-end=\"39\">\u00b11.5 mm<\/strong> (<strong data-start=\"41\" data-end=\"50\">1\/16&#8243;<\/strong>), permitiendo una alineaci\u00f3n precisa del caj\u00f3n dentro del gabinete.<\/span><\/p>\n<\/li>\n<li class=\"\" data-start=\"667\" data-end=\"815\">\n<p class=\"\" data-start=\"669\" data-end=\"815\"><strong data-start=\"669\" data-end=\"695\">Ancho m\u00ednimo del caj\u00f3n<\/strong>: <span class=\"relative -mx-px my-[-0.2rem] rounded px-px py-[0.2rem] transition-colors duration-100 ease-in-out\">Requiere un ancho interior m\u00ednimo del caj\u00f3n de <strong data-start=\"47\" data-end=\"57\">170 mm<\/strong> (aproximadamente <strong data-start=\"75\" data-end=\"87\">6-11\/16&#8243;<\/strong>) para una instalaci\u00f3n adecuada.<\/span><\/p>\n<\/li>\n<li class=\"\" data-start=\"817\" data-end=\"951\">\n<p class=\"\" data-start=\"819\" data-end=\"951\"><strong data-start=\"819\" data-end=\"831\">Material<\/strong>: <span class=\"relative -mx-px my-[-0.2rem] rounded px-px py-[0.2rem] transition-colors duration-100 ease-in-out\">Fabricado con una base de acero y palancas de liberaci\u00f3n de resorte sint\u00e9ticas, proporcionando durabilidad y resistencia.<\/span><\/p>\n<\/li>\n<li class=\"\" data-start=\"953\" data-end=\"1046\">\n<p class=\"\" data-start=\"955\" data-end=\"1046\"><strong data-start=\"955\" data-end=\"966\">Funci\u00f3n<\/strong>: <span class=\"relative -mx-px my-[-0.2rem] rounded px-px py-[0.2rem] transition-colors duration-100 ease-in-out\">Proporciona una conexi\u00f3n segura entre el caj\u00f3n y las gu\u00edas, permitiendo una extracci\u00f3n e inserci\u00f3n suaves y precisas.<\/span><\/p>\n<\/li>\n<\/ul>\n","protected":false},"featured_media":30657,"comment_status":"open","ping_status":"closed","template":"","meta":[],"product_brand":[120],"product_cat":[113],"product_tag":[],"class_list":{"0":"post-30609","1":"product","2":"type-product","3":"status-publish","4":"has-post-thumbnail","6":"product_brand-blum","7":"product_cat-correderas-blum","9":"first","10":"instock","11":"virtual","12":"purchasable","13":"product-type-simple"},"_links":{"self":[{"href":"https:\/\/gavilanchi.amarilio.net\/en\/wp-json\/wp\/v2\/product\/30609","targetHints":{"allow":["GET"]}}],"collection":[{"href":"https:\/\/gavilanchi.amarilio.net\/en\/wp-json\/wp\/v2\/product"}],"about":[{"href":"https:\/\/gavilanchi.amarilio.net\/en\/wp-json\/wp\/v2\/types\/product"}],"replies":[{"embeddable":true,"href":"https:\/\/gavilanchi.amarilio.net\/en\/wp-json\/wp\/v2\/comments?post=30609"}],"version-history":[{"count":1,"href":"https:\/\/gavilanchi.amarilio.net\/en\/wp-json\/wp\/v2\/product\/30609\/revisions"}],"predecessor-version":[{"id":30658,"href":"https:\/\/gavilanchi.amarilio.net\/en\/wp-json\/wp\/v2\/product\/30609\/revisions\/30658"}],"wp:featuredmedia":[{"embeddable":true,"href":"https:\/\/gavilanchi.amarilio.net\/en\/wp-json\/wp\/v2\/media\/30657"}],"wp:attachment":[{"href":"https:\/\/gavilanchi.amarilio.net\/en\/wp-json\/wp\/v2\/media?parent=30609"}],"wp:term":[{"taxonomy":"product_brand","embeddable":true,"href":"https:\/\/gavilanchi.amarilio.net\/en\/wp-json\/wp\/v2\/product_brand?post=30609"},{"taxonomy":"product_cat","embeddable":true,"href":"https:\/\/gavilanchi.amarilio.net\/en\/wp-json\/wp\/v2\/product_cat?post=30609"},{"taxonomy":"product_tag","embeddable":true,"href":"https:\/\/gavilanchi.amarilio.net\/en\/wp-json\/wp\/v2\/product_tag?post=30609"}],"curies":[{"name":"wp","href":"https:\/\/api.w.org\/{rel}","templated":true}]}}