{"id":30610,"date":"2026-03-23T04:11:21","date_gmt":"2026-03-23T04:11:21","guid":{"rendered":"https:\/\/gavilanchi.amarilio.net\/?post_type=product&#038;p=30610"},"modified":"2026-04-30T05:48:05","modified_gmt":"2026-04-30T05:48:05","slug":"dispositivo-bloqueo-std-izq-movento","status":"publish","type":"product","link":"https:\/\/gavilanchi.amarilio.net\/en\/product\/dispositivo-bloqueo-std-izq-movento\/","title":{"rendered":"DISPOSITIVO BLOQUEO STD IZQ MOVENTO"},"content":{"rendered":"","protected":false},"excerpt":{"rendered":"<p><strong>BT51.7601L<\/strong><\/p>\n<ul>\n<li class=\"\" data-start=\"110\" data-end=\"244\">\n<p class=\"\" data-start=\"112\" data-end=\"244\"><strong data-start=\"112\" data-end=\"130\">Compatibilidad<\/strong>: <span class=\"relative -mx-px my-[-0.2rem] rounded px-px py-[0.2rem] transition-colors duration-100 ease-in-out\">Adecuado para las gu\u00edas MOVENTO 763 y 769 de Blum.<\/span><\/p>\n<\/li>\n<li class=\"\" data-start=\"246\" data-end=\"339\">\n<p class=\"\" data-start=\"248\" data-end=\"339\"><strong data-start=\"248\" data-end=\"259\">Montaje<\/strong>: <span class=\"relative -mx-px my-[-0.2rem] rounded px-px py-[0.2rem] transition-colors duration-100 ease-in-out\">Se instala atornillado al lateral izquierdo del caj\u00f3n, facilitando la fijaci\u00f3n del caj\u00f3n a las gu\u00edas.<\/span><\/p>\n<\/li>\n<li class=\"\" data-start=\"341\" data-end=\"481\">\n<p class=\"\" data-start=\"343\" data-end=\"481\"><strong data-start=\"343\" data-end=\"361\">Ajuste lateral<\/strong>: <span class=\"relative -mx-px my-[-0.2rem] rounded px-px py-[0.2rem] transition-colors duration-100 ease-in-out\">Ofrece un ajuste lateral de \u00b11.5 mm (\u00b11\/16&#8243;), permitiendo una alineaci\u00f3n precisa del caj\u00f3n dentro del gabinete.<\/span><\/p>\n<\/li>\n<li class=\"\" data-start=\"483\" data-end=\"617\">\n<p class=\"\" data-start=\"485\" data-end=\"617\"><strong data-start=\"485\" data-end=\"497\">Material<\/strong>: <span class=\"relative -mx-px my-[-0.2rem] rounded px-px py-[0.2rem] transition-colors duration-100 ease-in-out\">Fabricado con una base de acero y palancas de liberaci\u00f3n de resorte sint\u00e9ticas, proporcionando durabilidad y resistencia.<\/span><\/p>\n<\/li>\n<li class=\"\" data-start=\"619\" data-end=\"770\">\n<p class=\"\" data-start=\"621\" data-end=\"770\"><strong data-start=\"621\" data-end=\"650\">Requisitos de instalaci\u00f3n<\/strong>: <span class=\"relative -mx-px my-[-0.2rem] rounded px-px py-[0.2rem] transition-colors duration-100 ease-in-out\">Requiere un ancho interior m\u00ednimo del caj\u00f3n de 170 mm (aproximadamente 6-11\/16&#8243;) para una instalaci\u00f3n adecuada.<\/span><\/p>\n<\/li>\n<li class=\"\" data-start=\"772\" data-end=\"937\">\n<p class=\"\" data-start=\"774\" data-end=\"937\"><strong data-start=\"774\" data-end=\"817\">Compatibilidad con sistemas adicionales<\/strong>: <span class=\"relative -mx-px my-[-0.2rem] rounded px-px py-[0.2rem] transition-colors duration-100 ease-in-out\">Compatible con el sistema TIP-ON BLUMOTION, que combina la apertura por presi\u00f3n y el cierre suave.<\/span><\/p>\n<\/li>\n<\/ul>\n","protected":false},"featured_media":30659,"comment_status":"open","ping_status":"closed","template":"","meta":[],"product_brand":[120],"product_cat":[113],"product_tag":[],"class_list":{"0":"post-30610","1":"product","2":"type-product","3":"status-publish","4":"has-post-thumbnail","6":"product_brand-blum","7":"product_cat-correderas-blum","9":"first","10":"instock","11":"virtual","12":"purchasable","13":"product-type-simple"},"_links":{"self":[{"href":"https:\/\/gavilanchi.amarilio.net\/en\/wp-json\/wp\/v2\/product\/30610","targetHints":{"allow":["GET"]}}],"collection":[{"href":"https:\/\/gavilanchi.amarilio.net\/en\/wp-json\/wp\/v2\/product"}],"about":[{"href":"https:\/\/gavilanchi.amarilio.net\/en\/wp-json\/wp\/v2\/types\/product"}],"replies":[{"embeddable":true,"href":"https:\/\/gavilanchi.amarilio.net\/en\/wp-json\/wp\/v2\/comments?post=30610"}],"version-history":[{"count":1,"href":"https:\/\/gavilanchi.amarilio.net\/en\/wp-json\/wp\/v2\/product\/30610\/revisions"}],"predecessor-version":[{"id":30660,"href":"https:\/\/gavilanchi.amarilio.net\/en\/wp-json\/wp\/v2\/product\/30610\/revisions\/30660"}],"wp:featuredmedia":[{"embeddable":true,"href":"https:\/\/gavilanchi.amarilio.net\/en\/wp-json\/wp\/v2\/media\/30659"}],"wp:attachment":[{"href":"https:\/\/gavilanchi.amarilio.net\/en\/wp-json\/wp\/v2\/media?parent=30610"}],"wp:term":[{"taxonomy":"product_brand","embeddable":true,"href":"https:\/\/gavilanchi.amarilio.net\/en\/wp-json\/wp\/v2\/product_brand?post=30610"},{"taxonomy":"product_cat","embeddable":true,"href":"https:\/\/gavilanchi.amarilio.net\/en\/wp-json\/wp\/v2\/product_cat?post=30610"},{"taxonomy":"product_tag","embeddable":true,"href":"https:\/\/gavilanchi.amarilio.net\/en\/wp-json\/wp\/v2\/product_tag?post=30610"}],"curies":[{"name":"wp","href":"https:\/\/api.w.org\/{rel}","templated":true}]}}