{"id":30682,"date":"2026-03-23T04:11:38","date_gmt":"2026-03-23T04:11:38","guid":{"rendered":"https:\/\/gavilanchi.amarilio.net\/?post_type=product&#038;p=30682"},"modified":"2026-04-30T05:47:37","modified_gmt":"2026-04-30T05:47:37","slug":"broca-de-8-mm-x-57-mm-para-ecodrill","status":"publish","type":"product","link":"https:\/\/gavilanchi.amarilio.net\/en\/product\/broca-de-8-mm-x-57-mm-para-ecodrill\/","title":{"rendered":"BROCA DE 8 MM X 57 MM PARA ECODRILL"},"content":{"rendered":"<p><strong>BM31.ZB08.02<\/strong><\/p>\n<ul>\n<li class=\"\" data-start=\"176\" data-end=\"205\">\n<p class=\"\" data-start=\"178\" data-end=\"205\"><strong data-start=\"178\" data-end=\"200\">Di\u00e1metro de corte:<\/strong> 8\u202fmm<\/p>\n<\/li>\n<li class=\"\" data-start=\"206\" data-end=\"265\">\n<p class=\"\" data-start=\"208\" data-end=\"265\"><strong data-start=\"208\" data-end=\"227\">Longitud total:<\/strong> <span class=\"relative -mx-px my-[-0.2rem] rounded px-px py-[0.2rem] transition-colors duration-100 ease-in-out\">85\u202fmm<\/span><\/p>\n<\/li>\n<li class=\"\" data-start=\"266\" data-end=\"334\">\n<p class=\"\" data-start=\"268\" data-end=\"334\"><strong data-start=\"268\" data-end=\"294\">Direcci\u00f3n de rotaci\u00f3n:<\/strong> <span class=\"relative -mx-px my-[-0.2rem] rounded px-px py-[0.2rem] transition-colors duration-100 ease-in-out\">Derecha (Right Hand)<\/span><\/p>\n<\/li>\n<li class=\"\" data-start=\"335\" data-end=\"390\">\n<p class=\"\" data-start=\"337\" data-end=\"390\"><strong data-start=\"337\" data-end=\"350\">Material:<\/strong> <span class=\"relative -mx-px my-[-0.2rem] rounded px-px py-[0.2rem] transition-colors duration-100 ease-in-out\">Carburo de tungsteno (carbide)<\/span><\/p>\n<\/li>\n<li class=\"\" data-start=\"391\" data-end=\"458\">\n<p class=\"\" data-start=\"393\" data-end=\"458\"><strong data-start=\"393\" data-end=\"418\">Di\u00e1metro del v\u00e1stago:<\/strong> <span class=\"relative -mx-px my-[-0.2rem] rounded px-px py-[0.2rem] transition-colors duration-100 ease-in-out\">10\u202fmm<\/span><\/p>\n<\/li>\n<li class=\"\" data-start=\"459\" data-end=\"559\">\n<p class=\"\" data-start=\"461\" data-end=\"559\"><strong data-start=\"461\" data-end=\"480\">Compatibilidad:<\/strong> <span class=\"relative -mx-px my-[-0.2rem] rounded px-px py-[0.2rem] transition-colors duration-100 ease-in-out\">Dise\u00f1ada para el sistema <strong data-start=\"25\" data-end=\"46\">ECODRILL M31.1000<\/strong> de Blum<\/span><\/p>\n<\/li>\n<\/ul>\n","protected":false},"excerpt":{"rendered":"<p>BM31.ZB08.02 Di\u00e1metro de corte: 8\u202fmm Longitud total: 85\u202fmm Direcci\u00f3n de rotaci\u00f3n: Derecha (Right Hand) Material: Carburo de tungsteno (carbide) Di\u00e1metro<\/p>","protected":false},"featured_media":30713,"comment_status":"open","ping_status":"closed","template":"","meta":[],"product_brand":[120],"product_cat":[112],"product_tag":[],"class_list":{"0":"post-30682","1":"product","2":"type-product","3":"status-publish","4":"has-post-thumbnail","6":"product_brand-blum","7":"product_cat-accesorios","9":"first","10":"instock","11":"virtual","12":"purchasable","13":"product-type-simple"},"_links":{"self":[{"href":"https:\/\/gavilanchi.amarilio.net\/en\/wp-json\/wp\/v2\/product\/30682","targetHints":{"allow":["GET"]}}],"collection":[{"href":"https:\/\/gavilanchi.amarilio.net\/en\/wp-json\/wp\/v2\/product"}],"about":[{"href":"https:\/\/gavilanchi.amarilio.net\/en\/wp-json\/wp\/v2\/types\/product"}],"replies":[{"embeddable":true,"href":"https:\/\/gavilanchi.amarilio.net\/en\/wp-json\/wp\/v2\/comments?post=30682"}],"version-history":[{"count":1,"href":"https:\/\/gavilanchi.amarilio.net\/en\/wp-json\/wp\/v2\/product\/30682\/revisions"}],"predecessor-version":[{"id":30714,"href":"https:\/\/gavilanchi.amarilio.net\/en\/wp-json\/wp\/v2\/product\/30682\/revisions\/30714"}],"wp:featuredmedia":[{"embeddable":true,"href":"https:\/\/gavilanchi.amarilio.net\/en\/wp-json\/wp\/v2\/media\/30713"}],"wp:attachment":[{"href":"https:\/\/gavilanchi.amarilio.net\/en\/wp-json\/wp\/v2\/media?parent=30682"}],"wp:term":[{"taxonomy":"product_brand","embeddable":true,"href":"https:\/\/gavilanchi.amarilio.net\/en\/wp-json\/wp\/v2\/product_brand?post=30682"},{"taxonomy":"product_cat","embeddable":true,"href":"https:\/\/gavilanchi.amarilio.net\/en\/wp-json\/wp\/v2\/product_cat?post=30682"},{"taxonomy":"product_tag","embeddable":true,"href":"https:\/\/gavilanchi.amarilio.net\/en\/wp-json\/wp\/v2\/product_tag?post=30682"}],"curies":[{"name":"wp","href":"https:\/\/api.w.org\/{rel}","templated":true}]}}