{"id":30689,"date":"2026-03-23T04:11:39","date_gmt":"2026-03-23T04:11:39","guid":{"rendered":"https:\/\/gavilanchi.amarilio.net\/?post_type=product&#038;p=30689"},"modified":"2026-04-30T05:47:44","modified_gmt":"2026-04-30T05:47:44","slug":"carril-de-galeria-metabox-inserta-blanco","status":"publish","type":"product","link":"https:\/\/gavilanchi.amarilio.net\/en\/product\/carril-de-galeria-metabox-inserta-blanco\/","title":{"rendered":"CARRIL DE GALERIA METABOX INSERTA BLANCO"},"content":{"rendered":"","protected":false},"excerpt":{"rendered":"<p><strong>BZRE-20WH<\/strong><\/p>\n<p><span class=\"relative -mx-px my-[-0.2rem] rounded px-px py-[0.2rem] transition-colors duration-100 ease-in-out\">Este set de galer\u00eda lateral est\u00e1 dise\u00f1ado para su uso con el sistema de cajones <strong data-start=\"80\" data-end=\"91\">METABOX<\/strong> de Blum, permitiendo la instalaci\u00f3n de laterales altos en los cajones.<\/span> <span class=\"relative -mx-px my-[-0.2rem] rounded px-px py-[0.2rem] transition-colors duration-100 ease-in-out\">Es ideal para aplicaciones que requieren una mayor altura de los laterales del caj\u00f3n, como en cajones para ollas o utensilios de cocina.<\/span><\/p>\n<ul>\n<li class=\"\" data-start=\"309\" data-end=\"364\">\n<p class=\"\" data-start=\"311\" data-end=\"364\"><strong data-start=\"311\" data-end=\"324\">Longitud:<\/strong> <span class=\"relative -mx-px my-[-0.2rem] rounded px-px py-[0.2rem] transition-colors duration-100 ease-in-out\">20 pulgadas (aproximadamente 508 mm)<\/span><\/p>\n<\/li>\n<li class=\"\" data-start=\"365\" data-end=\"417\">\n<p class=\"\" data-start=\"367\" data-end=\"417\"><strong data-start=\"367\" data-end=\"377\">Color:<\/strong> <span class=\"relative -mx-px my-[-0.2rem] rounded px-px py-[0.2rem] transition-colors duration-100 ease-in-out\">Blanco<\/span><\/p>\n<\/li>\n<li class=\"\" data-start=\"418\" data-end=\"473\">\n<p class=\"\" data-start=\"420\" data-end=\"473\"><strong data-start=\"420\" data-end=\"433\">Material:<\/strong> <span class=\"relative -mx-px my-[-0.2rem] rounded px-px py-[0.2rem] transition-colors duration-100 ease-in-out\">Acero<\/span><\/p>\n<\/li>\n<li class=\"\" data-start=\"474\" data-end=\"525\">\n<p class=\"\" data-start=\"476\" data-end=\"525\"><strong data-start=\"476\" data-end=\"485\">Peso:<\/strong> <span class=\"relative -mx-px my-[-0.2rem] rounded px-px py-[0.2rem] transition-colors duration-100 ease-in-out\">Aproximadamente 0.400 lbs (181 g)<\/span><\/p>\n<\/li>\n<li class=\"\" data-start=\"526\" data-end=\"629\">\n<p class=\"\" data-start=\"528\" data-end=\"629\"><strong data-start=\"528\" data-end=\"550\">Contenido del set:<\/strong> <span class=\"relative -mx-px my-[-0.2rem] rounded px-px py-[0.2rem] transition-colors duration-100 ease-in-out\">Dos rieles ajustables y dos soportes de fijaci\u00f3n traseros<\/span><\/p>\n<\/li>\n<\/ul>\n","protected":false},"featured_media":30727,"comment_status":"open","ping_status":"closed","template":"","meta":[],"product_brand":[120],"product_cat":[112],"product_tag":[],"class_list":{"0":"post-30689","1":"product","2":"type-product","3":"status-publish","4":"has-post-thumbnail","6":"product_brand-blum","7":"product_cat-accesorios","9":"first","10":"instock","11":"virtual","12":"purchasable","13":"product-type-simple"},"_links":{"self":[{"href":"https:\/\/gavilanchi.amarilio.net\/en\/wp-json\/wp\/v2\/product\/30689","targetHints":{"allow":["GET"]}}],"collection":[{"href":"https:\/\/gavilanchi.amarilio.net\/en\/wp-json\/wp\/v2\/product"}],"about":[{"href":"https:\/\/gavilanchi.amarilio.net\/en\/wp-json\/wp\/v2\/types\/product"}],"replies":[{"embeddable":true,"href":"https:\/\/gavilanchi.amarilio.net\/en\/wp-json\/wp\/v2\/comments?post=30689"}],"version-history":[{"count":1,"href":"https:\/\/gavilanchi.amarilio.net\/en\/wp-json\/wp\/v2\/product\/30689\/revisions"}],"predecessor-version":[{"id":30728,"href":"https:\/\/gavilanchi.amarilio.net\/en\/wp-json\/wp\/v2\/product\/30689\/revisions\/30728"}],"wp:featuredmedia":[{"embeddable":true,"href":"https:\/\/gavilanchi.amarilio.net\/en\/wp-json\/wp\/v2\/media\/30727"}],"wp:attachment":[{"href":"https:\/\/gavilanchi.amarilio.net\/en\/wp-json\/wp\/v2\/media?parent=30689"}],"wp:term":[{"taxonomy":"product_brand","embeddable":true,"href":"https:\/\/gavilanchi.amarilio.net\/en\/wp-json\/wp\/v2\/product_brand?post=30689"},{"taxonomy":"product_cat","embeddable":true,"href":"https:\/\/gavilanchi.amarilio.net\/en\/wp-json\/wp\/v2\/product_cat?post=30689"},{"taxonomy":"product_tag","embeddable":true,"href":"https:\/\/gavilanchi.amarilio.net\/en\/wp-json\/wp\/v2\/product_tag?post=30689"}],"curies":[{"name":"wp","href":"https:\/\/api.w.org\/{rel}","templated":true}]}}