{"id":30697,"date":"2026-03-23T04:11:40","date_gmt":"2026-03-23T04:11:40","guid":{"rendered":"https:\/\/gavilanchi.amarilio.net\/?post_type=product&#038;p=30697"},"modified":"2026-03-23T04:11:48","modified_gmt":"2026-03-23T04:11:48","slug":"tapa-lisa-de-brazo-de-bisagra-blum-negro","status":"publish","type":"product","link":"https:\/\/gavilanchi.amarilio.net\/en\/product\/tapa-lisa-de-brazo-de-bisagra-blum-negro\/","title":{"rendered":"TAPA LISA DE BRAZO DE BISAGRA BLUM NEGRO"},"content":{"rendered":"","protected":false},"excerpt":{"rendered":"<p><strong>B70.1503-BK<\/strong><\/p>\n<p><span class=\"relative -mx-px my-[-0.2rem] rounded px-px py-[0.2rem] transition-colors duration-100 ease-in-out\"><strong data-start=\"52\" data-end=\"112\">Tapa decorativa para el brazo recto de bisagras CLIP top<\/strong> en acabado <strong data-start=\"124\" data-end=\"138\">Onyx Black<\/strong> (negro \u00f3nix).<\/span> <span class=\"relative -mx-px my-[-0.2rem] rounded px-px py-[0.2rem] transition-colors duration-100 ease-in-out\">Este accesorio proporciona un acabado est\u00e9tico uniforme, especialmente en muebles con bisagras de color negro, y se instala f\u00e1cilmente a presi\u00f3n sin necesidad de herramientas<\/span><\/p>\n<ul>\n<li class=\"\" data-start=\"328\" data-end=\"429\">\n<p class=\"\" data-start=\"330\" data-end=\"429\"><strong data-start=\"330\" data-end=\"349\">Compatibilidad:<\/strong> <span class=\"relative -mx-px my-[-0.2rem] rounded px-px py-[0.2rem] transition-colors duration-100 ease-in-out\">Bisagras Blum CLIP top de brazo recto con \u00e1ngulos de apertura de 100\u00b0, 107\u00b0, 110\u00b0, 120\u00b0, 120+\u00b0, puertas gruesas y bisagras de doble hoja<\/span><\/p>\n<\/li>\n<li class=\"\" data-start=\"430\" data-end=\"488\">\n<p class=\"\" data-start=\"432\" data-end=\"488\"><strong data-start=\"432\" data-end=\"448\">Instalaci\u00f3n:<\/strong> <span class=\"relative -mx-px my-[-0.2rem] rounded px-px py-[0.2rem] transition-colors duration-100 ease-in-out\">Encaje a presi\u00f3n; no requiere herramientas ni tornillos<\/span><\/p>\n<\/li>\n<\/ul>\n","protected":false},"featured_media":30743,"comment_status":"open","ping_status":"closed","template":"","meta":[],"product_brand":[],"product_cat":[112],"product_tag":[],"class_list":{"0":"post-30697","1":"product","2":"type-product","3":"status-publish","4":"has-post-thumbnail","6":"product_cat-accesorios","8":"first","9":"instock","10":"virtual","11":"product-type-simple"},"_links":{"self":[{"href":"https:\/\/gavilanchi.amarilio.net\/en\/wp-json\/wp\/v2\/product\/30697","targetHints":{"allow":["GET"]}}],"collection":[{"href":"https:\/\/gavilanchi.amarilio.net\/en\/wp-json\/wp\/v2\/product"}],"about":[{"href":"https:\/\/gavilanchi.amarilio.net\/en\/wp-json\/wp\/v2\/types\/product"}],"replies":[{"embeddable":true,"href":"https:\/\/gavilanchi.amarilio.net\/en\/wp-json\/wp\/v2\/comments?post=30697"}],"version-history":[{"count":1,"href":"https:\/\/gavilanchi.amarilio.net\/en\/wp-json\/wp\/v2\/product\/30697\/revisions"}],"predecessor-version":[{"id":30744,"href":"https:\/\/gavilanchi.amarilio.net\/en\/wp-json\/wp\/v2\/product\/30697\/revisions\/30744"}],"wp:featuredmedia":[{"embeddable":true,"href":"https:\/\/gavilanchi.amarilio.net\/en\/wp-json\/wp\/v2\/media\/30743"}],"wp:attachment":[{"href":"https:\/\/gavilanchi.amarilio.net\/en\/wp-json\/wp\/v2\/media?parent=30697"}],"wp:term":[{"taxonomy":"product_brand","embeddable":true,"href":"https:\/\/gavilanchi.amarilio.net\/en\/wp-json\/wp\/v2\/product_brand?post=30697"},{"taxonomy":"product_cat","embeddable":true,"href":"https:\/\/gavilanchi.amarilio.net\/en\/wp-json\/wp\/v2\/product_cat?post=30697"},{"taxonomy":"product_tag","embeddable":true,"href":"https:\/\/gavilanchi.amarilio.net\/en\/wp-json\/wp\/v2\/product_tag?post=30697"}],"curies":[{"name":"wp","href":"https:\/\/api.w.org\/{rel}","templated":true}]}}