{"id":30699,"date":"2026-03-23T04:11:40","date_gmt":"2026-03-23T04:11:40","guid":{"rendered":"https:\/\/gavilanchi.amarilio.net\/?post_type=product&#038;p=30699"},"modified":"2026-04-30T05:50:04","modified_gmt":"2026-04-30T05:50:04","slug":"tapa-de-cubierta-metabox-320k","status":"publish","type":"product","link":"https:\/\/gavilanchi.amarilio.net\/en\/product\/tapa-de-cubierta-metabox-320k\/","title":{"rendered":"TAPA DE CUBIERTA METABOX 320K"},"content":{"rendered":"","protected":false},"excerpt":{"rendered":"<p><strong>BZAA.3500WH<\/strong><\/p>\n<p><span class=\"relative -mx-px my-[-0.2rem] rounded px-px py-[0.2rem] transition-colors duration-100 ease-in-out\"><strong data-start=\"52\" data-end=\"80\">Tapa decorativa est\u00e1ndar<\/strong> para el sistema de cajones <strong data-start=\"108\" data-end=\"124\">METABOX 320K<\/strong> con extensi\u00f3n de 3\/4, en color blanco.<\/span> <span class=\"relative -mx-px my-[-0.2rem] rounded px-px py-[0.2rem] transition-colors duration-100 ease-in-out\">Esta tapa se utiliza para cubrir los extremos de los rieles met\u00e1licos del caj\u00f3n, proporcionando un acabado est\u00e9tico uniforme y protegiendo los componentes internos del sistema.<\/span><\/p>\n<ul>\n<li class=\"\" data-start=\"351\" data-end=\"403\">\n<p class=\"\" data-start=\"353\" data-end=\"403\"><strong data-start=\"353\" data-end=\"363\">Color:<\/strong> <span class=\"relative -mx-px my-[-0.2rem] rounded px-px py-[0.2rem] transition-colors duration-100 ease-in-out\">Blanco<\/span><\/p>\n<\/li>\n<li class=\"\" data-start=\"404\" data-end=\"465\">\n<p class=\"\" data-start=\"406\" data-end=\"465\"><strong data-start=\"406\" data-end=\"425\">Compatibilidad:<\/strong> <span class=\"relative -mx-px my-[-0.2rem] rounded px-px py-[0.2rem] transition-colors duration-100 ease-in-out\">Sistemas de cajones Blum METABOX 320K con extensi\u00f3n de 3\/4<\/span><\/p>\n<\/li>\n<li class=\"\" data-start=\"466\" data-end=\"529\">\n<p class=\"\" data-start=\"468\" data-end=\"529\"><strong data-start=\"468\" data-end=\"489\">Tipo de producto:<\/strong> <span class=\"relative -mx-px my-[-0.2rem] rounded px-px py-[0.2rem] transition-colors duration-100 ease-in-out\">Tapa decorativa (Cover Cap)<\/span><\/p>\n<\/li>\n<li class=\"\" data-start=\"530\" data-end=\"581\">\n<p class=\"\" data-start=\"532\" data-end=\"581\"><strong data-start=\"532\" data-end=\"541\">Peso:<\/strong> <span class=\"relative -mx-px my-[-0.2rem] rounded px-px py-[0.2rem] transition-colors duration-100 ease-in-out\">Aproximadamente 0.006 lbs (2.7 g)<\/span><\/p>\n<\/li>\n<\/ul>\n","protected":false},"featured_media":30747,"comment_status":"open","ping_status":"closed","template":"","meta":[],"product_brand":[120],"product_cat":[112],"product_tag":[],"class_list":{"0":"post-30699","1":"product","2":"type-product","3":"status-publish","4":"has-post-thumbnail","6":"product_brand-blum","7":"product_cat-accesorios","9":"first","10":"instock","11":"virtual","12":"purchasable","13":"product-type-simple"},"_links":{"self":[{"href":"https:\/\/gavilanchi.amarilio.net\/en\/wp-json\/wp\/v2\/product\/30699","targetHints":{"allow":["GET"]}}],"collection":[{"href":"https:\/\/gavilanchi.amarilio.net\/en\/wp-json\/wp\/v2\/product"}],"about":[{"href":"https:\/\/gavilanchi.amarilio.net\/en\/wp-json\/wp\/v2\/types\/product"}],"replies":[{"embeddable":true,"href":"https:\/\/gavilanchi.amarilio.net\/en\/wp-json\/wp\/v2\/comments?post=30699"}],"version-history":[{"count":1,"href":"https:\/\/gavilanchi.amarilio.net\/en\/wp-json\/wp\/v2\/product\/30699\/revisions"}],"predecessor-version":[{"id":30748,"href":"https:\/\/gavilanchi.amarilio.net\/en\/wp-json\/wp\/v2\/product\/30699\/revisions\/30748"}],"wp:featuredmedia":[{"embeddable":true,"href":"https:\/\/gavilanchi.amarilio.net\/en\/wp-json\/wp\/v2\/media\/30747"}],"wp:attachment":[{"href":"https:\/\/gavilanchi.amarilio.net\/en\/wp-json\/wp\/v2\/media?parent=30699"}],"wp:term":[{"taxonomy":"product_brand","embeddable":true,"href":"https:\/\/gavilanchi.amarilio.net\/en\/wp-json\/wp\/v2\/product_brand?post=30699"},{"taxonomy":"product_cat","embeddable":true,"href":"https:\/\/gavilanchi.amarilio.net\/en\/wp-json\/wp\/v2\/product_cat?post=30699"},{"taxonomy":"product_tag","embeddable":true,"href":"https:\/\/gavilanchi.amarilio.net\/en\/wp-json\/wp\/v2\/product_tag?post=30699"}],"curies":[{"name":"wp","href":"https:\/\/api.w.org\/{rel}","templated":true}]}}