{"id":30706,"date":"2026-03-23T04:11:40","date_gmt":"2026-03-23T04:11:40","guid":{"rendered":"https:\/\/gavilanchi.amarilio.net\/?post_type=product&#038;p=30706"},"modified":"2026-04-30T05:49:21","modified_gmt":"2026-04-30T05:49:21","slug":"soporte-montaje-trasero-tandem-movento","status":"publish","type":"product","link":"https:\/\/gavilanchi.amarilio.net\/en\/product\/soporte-montaje-trasero-tandem-movento\/","title":{"rendered":"SOPORTE MONTAJE TRASERO TANDEM\/MOVENTO"},"content":{"rendered":"<p>&nbsp;<\/p>\n<p>&nbsp;<\/p>","protected":false},"excerpt":{"rendered":"<p><strong>B295.3750.03<\/strong><\/p>\n<p><strong data-start=\"52\" data-end=\"82\">Soporte trasero de montaje<\/strong> dise\u00f1ado para la instalaci\u00f3n de correderas de caj\u00f3n de las series <strong data-start=\"149\" data-end=\"167\">Tandem 563 H\/F<\/strong> y <strong data-start=\"170\" data-end=\"186\">Movento 763H<\/strong> en gabinetes con marco frontal<\/p>\n<ul>\n<li class=\"\" data-start=\"179\" data-end=\"232\">\n<p class=\"\" data-start=\"181\" data-end=\"232\"><strong data-start=\"181\" data-end=\"194\">Material:<\/strong> <span class=\"relative -mx-px my-[-0.2rem] rounded px-px py-[0.2rem] transition-colors duration-100 ease-in-out\">Acero estampado con recubrimiento de zinc<\/span><\/p>\n<\/li>\n<li class=\"\" data-start=\"233\" data-end=\"294\">\n<p class=\"\" data-start=\"235\" data-end=\"294\"><strong data-start=\"235\" data-end=\"254\">Compatibilidad:<\/strong> <span class=\"relative -mx-px my-[-0.2rem] rounded px-px py-[0.2rem] transition-colors duration-100 ease-in-out\">Correderas Blum Tandem 563 H\/F y Movento 763H<\/span><\/p>\n<\/li>\n<li class=\"\" data-start=\"295\" data-end=\"348\">\n<p class=\"\" data-start=\"297\" data-end=\"348\"><strong data-start=\"297\" data-end=\"308\">Dise\u00f1o:<\/strong> <span class=\"relative -mx-px my-[-0.2rem] rounded px-px py-[0.2rem] transition-colors duration-100 ease-in-out\">No orientado (puede usarse en ambos lados)<\/span><\/p>\n<\/li>\n<li class=\"\" data-start=\"349\" data-end=\"414\">\n<p class=\"\" data-start=\"351\" data-end=\"414\"><strong data-start=\"351\" data-end=\"374\">Alineaci\u00f3n lateral:<\/strong> <span class=\"relative -mx-px my-[-0.2rem] rounded px-px py-[0.2rem] transition-colors duration-100 ease-in-out\">Autocentrado de 1\/8&#8243; (3 mm)<\/span><\/p>\n<\/li>\n<li class=\"\" data-start=\"415\" data-end=\"473\">\n<p class=\"\" data-start=\"417\" data-end=\"473\"><strong data-start=\"417\" data-end=\"433\">Instalaci\u00f3n:<\/strong> <span class=\"relative -mx-px my-[-0.2rem] rounded px-px py-[0.2rem] transition-colors duration-100 ease-in-out\">Requiere al menos tres tornillos para madera #6<\/span><\/p>\n<\/li>\n<li class=\"\" data-start=\"474\" data-end=\"525\">\n<p class=\"\" data-start=\"476\" data-end=\"525\"><strong data-start=\"476\" data-end=\"485\">Peso:<\/strong> <span class=\"relative -mx-px my-[-0.2rem] rounded px-px py-[0.2rem] transition-colors duration-100 ease-in-out\">Aproximadamente 0.170 lbs (77 g)<\/span><\/p>\n<\/li>\n<\/ul>\n","protected":false},"featured_media":30761,"comment_status":"open","ping_status":"closed","template":"","meta":[],"product_brand":[120],"product_cat":[112],"product_tag":[],"class_list":{"0":"post-30706","1":"product","2":"type-product","3":"status-publish","4":"has-post-thumbnail","6":"product_brand-blum","7":"product_cat-accesorios","9":"first","10":"instock","11":"virtual","12":"purchasable","13":"product-type-simple"},"_links":{"self":[{"href":"https:\/\/gavilanchi.amarilio.net\/en\/wp-json\/wp\/v2\/product\/30706","targetHints":{"allow":["GET"]}}],"collection":[{"href":"https:\/\/gavilanchi.amarilio.net\/en\/wp-json\/wp\/v2\/product"}],"about":[{"href":"https:\/\/gavilanchi.amarilio.net\/en\/wp-json\/wp\/v2\/types\/product"}],"replies":[{"embeddable":true,"href":"https:\/\/gavilanchi.amarilio.net\/en\/wp-json\/wp\/v2\/comments?post=30706"}],"version-history":[{"count":1,"href":"https:\/\/gavilanchi.amarilio.net\/en\/wp-json\/wp\/v2\/product\/30706\/revisions"}],"predecessor-version":[{"id":30762,"href":"https:\/\/gavilanchi.amarilio.net\/en\/wp-json\/wp\/v2\/product\/30706\/revisions\/30762"}],"wp:featuredmedia":[{"embeddable":true,"href":"https:\/\/gavilanchi.amarilio.net\/en\/wp-json\/wp\/v2\/media\/30761"}],"wp:attachment":[{"href":"https:\/\/gavilanchi.amarilio.net\/en\/wp-json\/wp\/v2\/media?parent=30706"}],"wp:term":[{"taxonomy":"product_brand","embeddable":true,"href":"https:\/\/gavilanchi.amarilio.net\/en\/wp-json\/wp\/v2\/product_brand?post=30706"},{"taxonomy":"product_cat","embeddable":true,"href":"https:\/\/gavilanchi.amarilio.net\/en\/wp-json\/wp\/v2\/product_cat?post=30706"},{"taxonomy":"product_tag","embeddable":true,"href":"https:\/\/gavilanchi.amarilio.net\/en\/wp-json\/wp\/v2\/product_tag?post=30706"}],"curies":[{"name":"wp","href":"https:\/\/api.w.org\/{rel}","templated":true}]}}