{"id":30771,"date":"2026-03-23T04:11:55","date_gmt":"2026-03-23T04:11:55","guid":{"rendered":"https:\/\/gavilanchi.amarilio.net\/?post_type=product&#038;p=30771"},"modified":"2026-03-23T04:11:56","modified_gmt":"2026-03-23T04:11:56","slug":"plantilla-de-perforacion-ecodrill-para-bisagras","status":"publish","type":"product","link":"https:\/\/gavilanchi.amarilio.net\/en\/product\/plantilla-de-perforacion-ecodrill-para-bisagras\/","title":{"rendered":"PLANTILLA DE PERFORACI\u00d3N ECODRILL PARA BISAGRAS"},"content":{"rendered":"<p>&nbsp;<\/p>\n<p>&nbsp;<\/p>","protected":false},"excerpt":{"rendered":"<p><strong>BM31.1000<\/strong><\/p>\n<p><span class=\"relative -mx-px my-[-0.2rem] rounded px-px py-[0.2rem] transition-colors duration-100 ease-in-out\">Plantilla de perforaci\u00f3n port\u00e1til dise\u00f1ada para la instalaci\u00f3n precisa de bisagras ocultas Blum.<\/span> <span class=\"relative -mx-px my-[-0.2rem] rounded px-px py-[0.2rem] transition-colors duration-100 ease-in-out\">Es una herramienta esencial para carpinteros y fabricantes de muebles que buscan eficiencia y exactitud en la instalaci\u00f3n de bisagras.<\/span><\/p>\n<ul>\n<li class=\"\" data-start=\"392\" data-end=\"453\">\n<p class=\"\" data-start=\"394\" data-end=\"453\"><strong data-start=\"394\" data-end=\"413\">Compatibilidad:<\/strong> <span class=\"relative -mx-px my-[-0.2rem] rounded px-px py-[0.2rem] transition-colors duration-100 ease-in-out\">Dise\u00f1ada para perforar patrones de bisagras Blum<\/span><\/p>\n<\/li>\n<li class=\"\" data-start=\"454\" data-end=\"537\">\n<p class=\"\" data-start=\"456\" data-end=\"537\"><strong data-start=\"456\" data-end=\"497\">Profundidad de perforaci\u00f3n ajustable:<\/strong> <span class=\"relative -mx-px my-[-0.2rem] rounded px-px py-[0.2rem] transition-colors duration-100 ease-in-out\">De 2 mm a 8 mm<\/span><\/p>\n<\/li>\n<li class=\"\" data-start=\"538\" data-end=\"728\">\n<p class=\"\" data-start=\"540\" data-end=\"552\"><strong data-start=\"540\" data-end=\"552\">Incluye:<\/strong><\/p>\n<ul data-start=\"555\" data-end=\"728\">\n<li class=\"\" data-start=\"555\" data-end=\"596\">\n<p class=\"\" data-start=\"557\" data-end=\"596\"><span class=\"relative -mx-px my-[-0.2rem] rounded px-px py-[0.2rem] transition-colors duration-100 ease-in-out\">1 broca de 35 mm<\/span><\/p>\n<\/li>\n<li class=\"\" data-start=\"599\" data-end=\"640\">\n<p class=\"\" data-start=\"601\" data-end=\"640\"><span class=\"relative -mx-px my-[-0.2rem] rounded px-px py-[0.2rem] transition-colors duration-100 ease-in-out\">2 brocas de 8 mm<\/span><\/p>\n<\/li>\n<li class=\"\" data-start=\"643\" data-end=\"684\">\n<p class=\"\" data-start=\"645\" data-end=\"684\"><span class=\"relative -mx-px my-[-0.2rem] rounded px-px py-[0.2rem] transition-colors duration-100 ease-in-out\">2 destornilladores<\/span><\/p>\n<\/li>\n<li class=\"\" data-start=\"687\" data-end=\"728\">\n<p class=\"\" data-start=\"689\" data-end=\"728\"><span class=\"relative -mx-px my-[-0.2rem] rounded px-px py-[0.2rem] transition-colors duration-100 ease-in-out\">2 llaves hexagonales<\/span><\/p>\n<\/li>\n<\/ul>\n<\/li>\n<li class=\"\" data-start=\"729\" data-end=\"823\">\n<p class=\"\" data-start=\"731\" data-end=\"823\"><strong data-start=\"731\" data-end=\"744\">Requiere:<\/strong> <span class=\"relative -mx-px my-[-0.2rem] rounded px-px py-[0.2rem] transition-colors duration-100 ease-in-out\">Taladro el\u00e9ctrico o inal\u00e1mbrico de 18V o superior<\/span><\/p>\n<\/li>\n<\/ul>\n","protected":false},"featured_media":30782,"comment_status":"open","ping_status":"closed","template":"","meta":[],"product_brand":[],"product_cat":[112],"product_tag":[],"class_list":{"0":"post-30771","1":"product","2":"type-product","3":"status-publish","4":"has-post-thumbnail","6":"product_cat-accesorios","8":"first","9":"instock","10":"virtual","11":"product-type-simple"},"_links":{"self":[{"href":"https:\/\/gavilanchi.amarilio.net\/en\/wp-json\/wp\/v2\/product\/30771","targetHints":{"allow":["GET"]}}],"collection":[{"href":"https:\/\/gavilanchi.amarilio.net\/en\/wp-json\/wp\/v2\/product"}],"about":[{"href":"https:\/\/gavilanchi.amarilio.net\/en\/wp-json\/wp\/v2\/types\/product"}],"replies":[{"embeddable":true,"href":"https:\/\/gavilanchi.amarilio.net\/en\/wp-json\/wp\/v2\/comments?post=30771"}],"version-history":[{"count":1,"href":"https:\/\/gavilanchi.amarilio.net\/en\/wp-json\/wp\/v2\/product\/30771\/revisions"}],"predecessor-version":[{"id":30783,"href":"https:\/\/gavilanchi.amarilio.net\/en\/wp-json\/wp\/v2\/product\/30771\/revisions\/30783"}],"wp:featuredmedia":[{"embeddable":true,"href":"https:\/\/gavilanchi.amarilio.net\/en\/wp-json\/wp\/v2\/media\/30782"}],"wp:attachment":[{"href":"https:\/\/gavilanchi.amarilio.net\/en\/wp-json\/wp\/v2\/media?parent=30771"}],"wp:term":[{"taxonomy":"product_brand","embeddable":true,"href":"https:\/\/gavilanchi.amarilio.net\/en\/wp-json\/wp\/v2\/product_brand?post=30771"},{"taxonomy":"product_cat","embeddable":true,"href":"https:\/\/gavilanchi.amarilio.net\/en\/wp-json\/wp\/v2\/product_cat?post=30771"},{"taxonomy":"product_tag","embeddable":true,"href":"https:\/\/gavilanchi.amarilio.net\/en\/wp-json\/wp\/v2\/product_tag?post=30771"}],"curies":[{"name":"wp","href":"https:\/\/api.w.org\/{rel}","templated":true}]}}